{"id":273,"date":"2020-11-10T17:31:24","date_gmt":"2020-11-10T17:31:24","guid":{"rendered":"https:\/\/partnerportal.hafele.com\/home\/"},"modified":"2023-11-09T15:33:31","modified_gmt":"2023-11-09T14:33:31","slug":"home","status":"publish","type":"page","link":"https:\/\/partnerportal.hafele.com\/de\/","title":{"rendered":"Home"},"content":{"rendered":"\n<div class=\"wp-block-group alignfull container-fluid custom-pattern pattern-latest-news-resources\"><div class=\"wp-block-group__inner-container is-layout-flow wp-block-group-is-layout-flow\">\n<div class=\"wp-block-columns row is-layout-flex wp-container-core-columns-is-layout-9d6595d7 wp-block-columns-is-layout-flex\">\n<div class=\"wp-block-column col-12 col-md-7 is-layout-flow wp-block-column-is-layout-flow\">\n\t\t\t<div class=\"bordered-title border-bottom pb-3 mb-3 row align-items-baseline justify-content-between no-gutters\">\n\t\t\t<h2 class=\"mb-0 h5 text-uppercase font-weight-normal text-muted\">Neuigkeiten<\/h2>\n\t\t\t\t\t\t\t<a class=\"view-all\" href=\"https:\/\/partnerportal.hafele.com\/latest-news\/\">Neuigkeiten<\/a>\n\t\t\t\t\t<\/div>\n\t\n\t<article class=\"post pt-2 position-relative mb-5 mb-md-0\">\n\t\t\t\t\t<img decoding=\"async\" src=\"https:\/\/partnerportal.hafele.com\/wp-content\/uploads\/2025\/12\/Dialock_Cover.png\" alt=\"\">\t\t\n\t\t<div class=\"post-content has-background has-white-background-color py-3 ml-xl-5 mr-md-5\">\n\t\t\t<p class=\"post-date text-muted mb-2 text-extra-small\">12.01.2026<\/p>\n\t\t\t<h3 class=\"post-title font-weight-bold mb-0\"><a href=\"https:\/\/partnerportal.hafele.com\/de\/die-haefele-dialock-broschuere\/\">Die H\u00e4fele Dialock Brosch\u00fcre<\/a><\/h3>\n\t\t<\/div>\n\t<\/article>\n\n<\/div>\n\n\n\n<div class=\"wp-block-column is-vertically-aligned-center col-12 col-md-5 is-layout-flow wp-block-column-is-layout-flow\">    <div class=\"bordered-title border-bottom pb-3 mb-3 row justify-content-between no-gutters\">\n        <h2 class=\"mb-0 h5 text-uppercase font-weight-normal text-muted\">Inspirierende H\u00e4fele-Brosch\u00fcren<\/h2>\n                    <a class=\"view-all\" href=\"https:\/\/partnerportal.hafele.com\/product-category\/catalogues-brochures\/\">Alles ansehen<\/a>\n            <\/div>\n\n<ul class=\"downloads pt-2\">\n            <li class=\"row no-gutters mb-3\">\n                            <div class=\"col-4 mr-3\">\n                    <img decoding=\"async\" src=\"https:\/\/partnerportal.hafele.com\/wp-content\/uploads\/2021\/07\/Mail_Banner_looxnimbus_header-300x300.jpg\" alt=\"\">                <\/div>\n            \n            <div class=\"col-7\">\n                <p>H\u00e4fele Missing Link &#8211; Nimbus + Loox5<\/p>\n                <a class=\"border-bottom\" href=\"https:\/\/partnerportal.hafele.com\/de\/produkt\/haefele-missing-link-nimbus-loox5\/\">Download<\/a>\n            <\/div>\n        <\/li>\n            <li class=\"row no-gutters mb-3\">\n                            <div class=\"col-4 mr-3\">\n                    <img decoding=\"async\" src=\"https:\/\/partnerportal.hafele.com\/wp-content\/uploads\/2021\/03\/apic-04117213-300x300.jpg\" alt=\"\">                <\/div>\n            \n            <div class=\"col-7\">\n                <p>H\u00e4fele Loox  &#8211; Office<\/p>\n                <a class=\"border-bottom\" href=\"https:\/\/partnerportal.hafele.com\/de\/produkt\/hafele-loox-office\/\">Download<\/a>\n            <\/div>\n        <\/li>\n            <li class=\"row no-gutters mb-3\">\n                            <div class=\"col-4 mr-3\">\n                    <img decoding=\"async\" src=\"https:\/\/partnerportal.hafele.com\/wp-content\/uploads\/2021\/10\/Haeder_abouttheprogram-300x300.jpg\" alt=\"\">                <\/div>\n            \n            <div class=\"col-7\">\n                <p>Partner Shop Guideline<\/p>\n                <a class=\"border-bottom\" href=\"https:\/\/partnerportal.hafele.com\/de\/produkt\/partner-shop-guide\/\">Download<\/a>\n            <\/div>\n        <\/li>\n    <\/ul>\n<\/div>\n<\/div>\n<\/div><\/div>\n\n\n\n<div class=\"wp-block-group alignfull container-fluid custom-pattern pattern-full-width-promo-video has-light-grey-background-color has-background\"><div class=\"wp-block-group__inner-container is-layout-flow wp-block-group-is-layout-flow\">\n<div class=\"wp-block-columns row align-items-center justify-content-between is-layout-flex wp-container-core-columns-is-layout-9d6595d7 wp-block-columns-is-layout-flex\">\n<div class=\"wp-block-column col-12 col-md-3 mb-3 mb-md-0 is-layout-flow wp-block-column-is-layout-flow\">\n<h3 class=\"wp-block-heading\"><strong>Was ist das <br>H\u00e4fele-Partnerprogramm?<\/strong><\/h3>\n\n\n\n<h3 class=\"wp-block-heading\"><br><\/h3>\n\n\n\n<ul class=\"wp-block-list\" id=\"block-c1c8e8c7-ebb1-4afe-b5e6-ed8112c52d50\">\n<li>Entwickeln Sie Ihr Gesch\u00e4ft<\/li>\n\n\n\n<li>Verkaufszahlen steigern<\/li>\n\n\n\n<li>Markenbekanntheit schaffen<\/li>\n<\/ul>\n<\/div>\n\n\n\n<div class=\"wp-block-column col-12 col-md-7 is-layout-flow wp-block-column-is-layout-flow\">\n<figure class=\"wp-block-embed is-type-video is-provider-youtube wp-block-embed-youtube wp-embed-aspect-16-9 wp-has-aspect-ratio\"><div class=\"wp-block-embed__wrapper\">\n<iframe loading=\"lazy\" title=\"H\u00e4fele TWW Video EN\" width=\"500\" height=\"281\" src=\"https:\/\/www.youtube.com\/embed\/-FHXAk-1imk?feature=oembed\" frameborder=\"0\" allow=\"accelerometer; autoplay; clipboard-write; encrypted-media; gyroscope; picture-in-picture; web-share\" referrerpolicy=\"strict-origin-when-cross-origin\" allowfullscreen><\/iframe>\n<\/div><\/figure>\n<\/div>\n<\/div>\n<\/div><\/div>\n\n\n\n<div class=\"wp-block-group alignfull container-fluid custom-pattern pattern-card-deck py-5\"><div class=\"wp-block-group__inner-container is-layout-flow wp-block-group-is-layout-flow\">\n<div class=\"wp-block-columns row is-layout-flex wp-container-core-columns-is-layout-9d6595d7 wp-block-columns-is-layout-flex\">\n<div class=\"wp-block-column col-12 col-md-4 is-layout-flow wp-block-column-is-layout-flow\"><div class=\"card\">\n\n\t<div class=\"card-img-top\">\n\t\t<img decoding=\"async\" src=\"https:\/\/partnerportal.hafele.com\/wp-content\/uploads\/2021\/02\/about-hafele-partner-shops-team-400x270.jpg\" alt=\"\">\t<\/div>\n\n\t<div class=\"card-body has-background has-hafele-red-background-color\">\n\t    <h5 class=\"card-title\">Die Community <\/h5>\n\t    <a href=\"https:\/\/partnerportal.hafele.com\/de\/das-programm\/werden-sie-partner\/\" class=\"btn btn-primary\">Werden Sie Partner<\/a>\n\t<\/div>\n\n<\/div><\/div>\n\n\n\n<div class=\"wp-block-column col-12 col-md-4 is-layout-flow wp-block-column-is-layout-flow\"><div class=\"card\">\n\n\t<div class=\"card-img-top\">\n\t\t<img decoding=\"async\" src=\"https:\/\/partnerportal.hafele.com\/wp-content\/uploads\/2021\/01\/References_Titelbild_400x270-400x270.jpg\" alt=\"\">\t<\/div>\n\n\t<div class=\"card-body has-background has-hafele-red-background-color\">\n\t    <h5 class=\"card-title\">Fallbeispiele<\/h5>\n\t    <a href=\"https:\/\/partnerportal.hafele.com\/de\/\" class=\"btn btn-primary\">Unsere Projekte<\/a>\n\t<\/div>\n\n<\/div><\/div>\n\n\n\n<div class=\"wp-block-column col-12 col-md-4 is-layout-flow wp-block-column-is-layout-flow\"><div class=\"card\">\n\n\t<div class=\"card-img-top\">\n\t\t<img decoding=\"async\" src=\"https:\/\/partnerportal.hafele.com\/wp-content\/uploads\/2021\/10\/header_specialists-400x270.jpg\" alt=\"\">\t<\/div>\n\n\t<div class=\"card-body has-background has-hafele-red-background-color\">\n\t    <h5 class=\"card-title\">Wir sind f\u00fcr Sie da<\/h5>\n\t    <a href=\"https:\/\/partnerportal.hafele.com\/de\/ueber-haefele\/das-team\/\" class=\"btn btn-primary\">Kontaktieren Sie uns<\/a>\n\t<\/div>\n\n<\/div><\/div>\n<\/div>\n<\/div><\/div>\n\n\n<div class=\"container block-maps\">\n    <div class=\"row\">\n        <div class=\"col-12\">\n            <div class=\"p-md-4 block-maps_wrapper\">\n                <h2 class=\"mt-1 mb-0 h5 text-uppercase text-muted border-bottom pb-2 mb-4\">\n                    Partner Standorte                <\/h2>\n\n                <div class=\"row\">\n                    <div class=\"col-12 col-md-7\">\n                        <div id=\"partnerMap\" style=\"height: 350px;\"><\/div>\n                    <\/div>\n\n                    <div class=\"col-12 col-md-5 py-4 px-5 map-text-area\">\n                        <h3 class=\"text-dark-grey font-weight-bold text-mid mb-3\">Ein exklusives Netzwerk aus Partner Shops<\/h3>\n                        <div class=\"text-small\">\n                            Als Mitglied des erfolgreichen H\u00e4fele-Partnerprogramms profitieren Sie von unserem starken Markenauftritt und einem Produktsortiment auf h\u00f6chstem Niveau. Mit zahlreichen Shops in \u00fcber 50 L\u00e4ndern w\u00e4chst unser Partnernetzwerk derzeit dynamisch. Ein guter Zeitpunkt f\u00fcr Sie, die Vorteile zu nutzen, die es Ihnen bietet: von erfolgreicher Kundengewinnung bis hin zu professionellen Kundenbindungsma\u00dfnahmen. Alles ma\u00dfgeschneidert auf Ihre Marktpositionierung und Ihr Profil.                        <\/div>\n\n                                                    <div class=\"btn-wrap mt-3\">\n                                <a class=\"btn p-0 btn-underline font-weight-bold text-primary\" href=\"\/register-interest\"\n                                   title=\"Register your interest\">Interesse registrieren<\/a>\n                            <\/div>\n                        \n                        <div id=\"mapPopUp\" class=\"hidden\">\n                            <div class=\"title-bar\">\n                                <span id=\"partnerName\"><\/span>\n                                <button id=\"closeMapPopUp\">\n                                    <svg class=\"close\" viewBox=\"0 0 20 16\">\n                                        <use xlink:href=\"#close\"\/><\/use><\/svg>\n                                <\/button>\n                            <\/div>\n\n                            <div class=\"row\">\n                                <div class=\"col-6\">\n                                    <span id=\"partnerAddress\"><\/span>\n                                <\/div>\n\n                                <div class=\"col-6\">\n                                    <img decoding=\"async\" id=\"partnerImage\" src=\"\" alt=\"\">\n                                <\/div>\n                            <\/div>\n                        <\/div>\n                    <\/div>\n                <\/div>\n            <\/div>\n        <\/div>\n    <\/div>\n<\/div>\n\n\n\n<p><\/p>\n","protected":false},"excerpt":{"rendered":"<p>Was ist das H\u00e4fele-Partnerprogramm?<\/p>\n","protected":false},"author":93,"featured_media":0,"parent":0,"menu_order":0,"comment_status":"closed","ping_status":"closed","template":"","meta":{"_acf_changed":false,"footnotes":""},"class_list":["post-273","page","type-page","status-publish","hentry"],"acf":[],"_links":{"self":[{"href":"https:\/\/partnerportal.hafele.com\/de\/wp-json\/wp\/v2\/pages\/273","targetHints":{"allow":["GET"]}}],"collection":[{"href":"https:\/\/partnerportal.hafele.com\/de\/wp-json\/wp\/v2\/pages"}],"about":[{"href":"https:\/\/partnerportal.hafele.com\/de\/wp-json\/wp\/v2\/types\/page"}],"author":[{"embeddable":true,"href":"https:\/\/partnerportal.hafele.com\/de\/wp-json\/wp\/v2\/users\/93"}],"replies":[{"embeddable":true,"href":"https:\/\/partnerportal.hafele.com\/de\/wp-json\/wp\/v2\/comments?post=273"}],"version-history":[{"count":0,"href":"https:\/\/partnerportal.hafele.com\/de\/wp-json\/wp\/v2\/pages\/273\/revisions"}],"wp:attachment":[{"href":"https:\/\/partnerportal.hafele.com\/de\/wp-json\/wp\/v2\/media?parent=273"}],"curies":[{"name":"wp","href":"https:\/\/api.w.org\/{rel}","templated":true}]}}