{"id":2056,"date":"2021-04-12T10:10:03","date_gmt":"2021-04-12T09:10:03","guid":{"rendered":"https:\/\/partnerportal.hafele.com\/produkttraining\/"},"modified":"2024-04-08T12:38:14","modified_gmt":"2024-04-08T10:38:14","slug":"learning-portal","status":"publish","type":"page","link":"https:\/\/partnerportal.hafele.com\/de\/learning-portal\/","title":{"rendered":"Learning Portal"},"content":{"rendered":"\n<div class=\"wp-block-cover alignfull is-light has-custom-content-position is-position-top-center\"><span aria-hidden=\"true\" class=\"wp-block-cover__background has-background-dim-0 has-background-dim\"><\/span><img loading=\"lazy\" decoding=\"async\" width=\"4400\" height=\"2146\" class=\"wp-block-cover__image-background wp-image-4254\" alt=\"\" src=\"https:\/\/partnerportal.hafele.com\/wp-content\/uploads\/2024\/01\/Picture_from2024.png\" style=\"object-position:50% 100%\" data-object-fit=\"cover\" data-object-position=\"50% 100%\" srcset=\"https:\/\/partnerportal.hafele.com\/wp-content\/uploads\/2024\/01\/Picture_from2024.png 4400w, https:\/\/partnerportal.hafele.com\/wp-content\/uploads\/2024\/01\/Picture_from2024-300x146.png 300w, https:\/\/partnerportal.hafele.com\/wp-content\/uploads\/2024\/01\/Picture_from2024-1024x499.png 1024w, https:\/\/partnerportal.hafele.com\/wp-content\/uploads\/2024\/01\/Picture_from2024-768x375.png 768w, https:\/\/partnerportal.hafele.com\/wp-content\/uploads\/2024\/01\/Picture_from2024-1536x749.png 1536w, https:\/\/partnerportal.hafele.com\/wp-content\/uploads\/2024\/01\/Picture_from2024-2048x999.png 2048w\" sizes=\"auto, (max-width: 4400px) 100vw, 4400px\" \/><div class=\"wp-block-cover__inner-container is-layout-flow wp-block-cover-is-layout-flow\">\n<p class=\"has-text-align-center has-large-font-size\"><\/p>\n<\/div><\/div>\n\n\n\n<div class=\"wp-block-group alignfull introduction container-fluid custom-pattern pattern-introduction pt-5 has-light-grey-background-color has-background\"><div class=\"wp-block-group__inner-container is-layout-flow wp-block-group-is-layout-flow\">\n<div class=\"wp-block-columns row no-gutters is-layout-flex wp-container-core-columns-is-layout-9d6595d7 wp-block-columns-is-layout-flex\">\n<div class=\"wp-block-column col-12 col-md-9 is-layout-flow wp-block-column-is-layout-flow\">\n<h2 class=\"wp-block-heading\">Wir sind online!<\/h2>\n\n\n\n<p><br><strong>Das neue H\u00e4fele Learning Portal.<\/strong><\/p>\n\n\n\n<p>Neue Technologien schaffen neue Herausforderungen. Verst\u00e4ndlicherweise ist es schwierig, immer auf dem Laufenden zu bleiben. Zur Unterst\u00fctzung in diesem Bereich hat H\u00e4fele exklusiv f\u00fcr unsere Partner ein hilfreiches Schulungsprogramm entwickelt. Profitieren Sie davon und erschlie\u00dfen Sie sich neue M\u00f6glichkeiten, indem Sie unser neues H\u00e4fele Learning Portal entdecken.<\/p>\n\n\n\n<p>Seien Sie gespannt auf die M\u00f6glichkeiten in unserem neuen Portal und loggen Sie sich jetzt direkt ein: <a href=\"http:\/\/www.haefele.de\/learning-portal\" data-type=\"link\" data-id=\"www.haefele.de\/learning-portal\">H\u00e4fele Learning Portal<\/a><\/p>\n\n\n\n<p>Sie ben\u00f6tigen eine Anleitung f\u00fcr das Learning Portal oder wie Sie ein Mitbenutzer-Konto anlegen? Dann downloaden Sie \u00fcber unsere Guides die entsprechenden Anleitungen:<\/p>\n\n\n\n<div class=\"wp-block-buttons is-layout-flex wp-block-buttons-is-layout-flex\"><\/div>\n<\/div>\n<\/div>\n\n\n\n<div style=\"height:100px\" aria-hidden=\"true\" class=\"wp-block-spacer\"><\/div>\n\n\n\n<div class=\"wp-block-group is-content-justification-left is-nowrap is-layout-flex wp-container-core-group-is-layout-f56a869c wp-block-group-is-layout-flex\">\n<div class=\"wp-block-buttons is-layout-flex wp-block-buttons-is-layout-flex\">\n<div class=\"wp-block-button has-custom-width wp-block-button__width-100\"><a class=\"wp-block-button__link wp-element-button\" href=\"https:\/\/partnerportal.hafele.com\/de\/produkt\/haefele-learning-portal-anleitung\/\" target=\"_blank\" rel=\"noreferrer noopener\">Anleitung Learning Portal<\/a><\/div>\n<\/div>\n\n\n\n<div class=\"wp-block-buttons is-layout-flex wp-block-buttons-is-layout-flex\">\n<div class=\"wp-block-button has-custom-width wp-block-button__width-100\"><a class=\"wp-block-button__link wp-element-button\" href=\"https:\/\/partnerportal.hafele.com\/de\/produkt\/haefele-learning-portal-mitbenutzer-konto\/\" target=\"_blank\" rel=\"noreferrer noopener\">Anleitung Mitbenutzer-Konto<\/a><\/div>\n<\/div>\n\n\n\n<div class=\"wp-block-buttons is-layout-flex wp-block-buttons-is-layout-flex\">\n<div class=\"wp-block-button has-custom-width wp-block-button__width-100\"><a class=\"wp-block-button__link wp-element-button\" href=\"https:\/\/partnerportal.hafele.com\/de\/produkt\/haefele-learning-portal-video\/\" target=\"_blank\" rel=\"noreferrer noopener\">Learning Video<\/a><\/div>\n<\/div>\n<\/div>\n\n\n\n<div style=\"height:100px\" aria-hidden=\"true\" class=\"wp-block-spacer\"><\/div>\n<\/div><\/div>\n\n\n\n<p><\/p>\n\n\n\n<p><\/p>\n\n\n\n<p><\/p>\n\n\n\n<p><\/p>\n","protected":false},"excerpt":{"rendered":"<p>Wir sind online! Das neue H\u00e4fele Learning Portal. Neue Technologien schaffen neue Herausforderungen. Verst\u00e4ndlicherweise ist es schwierig, immer auf dem Laufenden zu bleiben. Zur Unterst\u00fctzung in diesem Bereich hat H\u00e4fele exklusiv f\u00fcr unsere Partner ein hilfreiches Schulungsprogramm entwickelt. Profitieren Sie davon und erschlie\u00dfen Sie sich neue M\u00f6glichkeiten, indem Sie unser neues H\u00e4fele Learning Portal entdecken. [&hellip;]<\/p>\n","protected":false},"author":93,"featured_media":0,"parent":0,"menu_order":0,"comment_status":"closed","ping_status":"closed","template":"","meta":{"_acf_changed":false,"footnotes":""},"class_list":["post-2056","page","type-page","status-publish","hentry"],"acf":[],"_links":{"self":[{"href":"https:\/\/partnerportal.hafele.com\/de\/wp-json\/wp\/v2\/pages\/2056","targetHints":{"allow":["GET"]}}],"collection":[{"href":"https:\/\/partnerportal.hafele.com\/de\/wp-json\/wp\/v2\/pages"}],"about":[{"href":"https:\/\/partnerportal.hafele.com\/de\/wp-json\/wp\/v2\/types\/page"}],"author":[{"embeddable":true,"href":"https:\/\/partnerportal.hafele.com\/de\/wp-json\/wp\/v2\/users\/93"}],"replies":[{"embeddable":true,"href":"https:\/\/partnerportal.hafele.com\/de\/wp-json\/wp\/v2\/comments?post=2056"}],"version-history":[{"count":0,"href":"https:\/\/partnerportal.hafele.com\/de\/wp-json\/wp\/v2\/pages\/2056\/revisions"}],"wp:attachment":[{"href":"https:\/\/partnerportal.hafele.com\/de\/wp-json\/wp\/v2\/media?parent=2056"}],"curies":[{"name":"wp","href":"https:\/\/api.w.org\/{rel}","templated":true}]}}