{"id":2045,"date":"2021-04-12T08:11:45","date_gmt":"2021-04-12T07:11:45","guid":{"rendered":"https:\/\/partnerportal.hafele.com\/hilfe-support\/"},"modified":"2021-05-05T12:14:31","modified_gmt":"2021-05-05T10:14:31","slug":"hilfe-support","status":"publish","type":"page","link":"https:\/\/partnerportal.hafele.com\/de\/hilfe-support\/","title":{"rendered":"Hilfe &#038; Support"},"content":{"rendered":"\n<h1 class=\"wp-block-heading\">Hilfe &amp; Support<\/h1>\n\n<p>Ben\u00f6tigen Sie Unterst\u00fctzung? Wir helfen gerne weiter.<\/p>\n\n<p>Fragen zu H\u00e4fele Produkten? Fragen zu Shop-Installationen?<\/p>\n\n<p>Besuchen Sie <a href=\"https:\/\/partnerportal.hafele.com\/de\/ueber-haefele\/das-team\/\" data-type=\"page\" data-id=\"213\">Das Team<\/a> und kontaktieren Sie uns.<\/p>\n","protected":false},"excerpt":{"rendered":"<p>Hilfe &amp; Support Ben\u00f6tigen Sie Unterst\u00fctzung? Wir helfen gerne weiter. Fragen zu H\u00e4fele Produkten? Fragen zu Shop-Installationen? Besuchen Sie Das Team und kontaktieren Sie uns.<\/p>\n","protected":false},"author":1,"featured_media":0,"parent":0,"menu_order":0,"comment_status":"closed","ping_status":"closed","template":"page-sidebar.php","meta":{"_acf_changed":false,"footnotes":""},"class_list":["post-2045","page","type-page","status-publish","hentry"],"acf":[],"_links":{"self":[{"href":"https:\/\/partnerportal.hafele.com\/de\/wp-json\/wp\/v2\/pages\/2045","targetHints":{"allow":["GET"]}}],"collection":[{"href":"https:\/\/partnerportal.hafele.com\/de\/wp-json\/wp\/v2\/pages"}],"about":[{"href":"https:\/\/partnerportal.hafele.com\/de\/wp-json\/wp\/v2\/types\/page"}],"author":[{"embeddable":true,"href":"https:\/\/partnerportal.hafele.com\/de\/wp-json\/wp\/v2\/users\/1"}],"replies":[{"embeddable":true,"href":"https:\/\/partnerportal.hafele.com\/de\/wp-json\/wp\/v2\/comments?post=2045"}],"version-history":[{"count":0,"href":"https:\/\/partnerportal.hafele.com\/de\/wp-json\/wp\/v2\/pages\/2045\/revisions"}],"wp:attachment":[{"href":"https:\/\/partnerportal.hafele.com\/de\/wp-json\/wp\/v2\/media?parent=2045"}],"curies":[{"name":"wp","href":"https:\/\/api.w.org\/{rel}","templated":true}]}}