{"id":1502,"date":"2021-03-29T12:52:43","date_gmt":"2021-03-29T11:52:43","guid":{"rendered":"https:\/\/partnerportal.hafele.com\/test-translation\/werden-sie-partner\/"},"modified":"2023-11-14T09:13:20","modified_gmt":"2023-11-14T08:13:20","slug":"werden-sie-partner","status":"publish","type":"page","link":"https:\/\/partnerportal.hafele.com\/de\/das-programm\/werden-sie-partner\/","title":{"rendered":"Werden Sie Partner"},"content":{"rendered":"\n<h1 class=\"wp-block-heading\">Werden Sie Partner<\/h1>\n\n\n\n<p>Ein H\u00e4fele Partner Shop zu werden, bietet neue M\u00f6glichkeiten f\u00fcr Wachstum und Erfolg durch unsere gemeinsame Zusammenarbeit. Indem wir die St\u00e4rke der Marke und der Produktpalette von H\u00e4fele zusammen mit unserem einzigartigen Display-Konzept nutzen, k\u00f6nnen wir gemeinsam die Bausteine zum Erfolg legen!<\/p>\n\n\n\n<div style=\"height:20px\" aria-hidden=\"true\" class=\"wp-block-spacer\"><\/div>\n\n\n\n<div class=\"wp-block-columns is-layout-flex wp-container-core-columns-is-layout-9d6595d7 wp-block-columns-is-layout-flex\">\n<div class=\"wp-block-column px-4 is-layout-flow wp-block-column-is-layout-flow\"><h3 class=\"heading-tick red\"> Drei Schritte zum Partner Shop <\/h3>\n\n\n<p><strong>Schritt 1: <\/strong><br>Wir bestimmen gemeinsame Ziele, Sie entwickeln eine Vertriebsstrategie und eine Partnerschaftsvereinbarung.<\/p>\n\n\n\n<p><strong>Schritt 2: <\/strong><br>Individuelle Planung des Shops und Anpassung des Sortiments an die lokalen Bed\u00fcrfnisse.<\/p>\n\n\n\n<p><strong>Schritt 3: <\/strong><br>Produktion des Shops, Mitarbeiterschulung, Installation und Er\u00f6ffnung!<\/p>\n<\/div>\n<\/div>\n\n\n\n<p>Wenn Sie daran interessiert sind, mehr dar\u00fcber zu erfahren, wie Sie H\u00e4fele-Handelspartner werden k\u00f6nnen, k\u00f6nnen Sie Ihr Interesse durch Ausf\u00fcllen des untenstehenden Formulars zeigen und Ihr pers\u00f6nlicher Berater wird sich mit Ihnen in Verbindung setzen.<\/p>\n\n\n\n<div style=\"height:20px\" aria-hidden=\"true\" class=\"wp-block-spacer\"><\/div>\n\n\n<div class=\"wp-bootstrap-blocks-button\">\n\t<a\n\t\thref=\"https:\/\/partnerportal.hafele.com\/de\/ich-habe-interesse\/\"\n\t\t\t\t\t\tclass=\"btn btn-primary\"\n\t>\n\t\tIch habe Interesse\t<\/a>\n<\/div>\n","protected":false},"excerpt":{"rendered":"<p>Werden Sie Partner Ein H\u00e4fele Partner Shop zu werden, bietet neue M\u00f6glichkeiten f\u00fcr Wachstum und Erfolg durch unsere gemeinsame Zusammenarbeit. Indem wir die St\u00e4rke der Marke und der Produktpalette von H\u00e4fele zusammen mit unserem einzigartigen Display-Konzept nutzen, k\u00f6nnen wir gemeinsam die Bausteine zum Erfolg legen! Schritt 1: Wir bestimmen gemeinsame Ziele, Sie entwickeln eine Vertriebsstrategie [&hellip;]<\/p>\n","protected":false},"author":93,"featured_media":0,"parent":1456,"menu_order":0,"comment_status":"closed","ping_status":"closed","template":"page-sidebar.php","meta":{"_acf_changed":false,"footnotes":""},"class_list":["post-1502","page","type-page","status-publish","hentry"],"acf":[],"_links":{"self":[{"href":"https:\/\/partnerportal.hafele.com\/de\/wp-json\/wp\/v2\/pages\/1502","targetHints":{"allow":["GET"]}}],"collection":[{"href":"https:\/\/partnerportal.hafele.com\/de\/wp-json\/wp\/v2\/pages"}],"about":[{"href":"https:\/\/partnerportal.hafele.com\/de\/wp-json\/wp\/v2\/types\/page"}],"author":[{"embeddable":true,"href":"https:\/\/partnerportal.hafele.com\/de\/wp-json\/wp\/v2\/users\/93"}],"replies":[{"embeddable":true,"href":"https:\/\/partnerportal.hafele.com\/de\/wp-json\/wp\/v2\/comments?post=1502"}],"version-history":[{"count":0,"href":"https:\/\/partnerportal.hafele.com\/de\/wp-json\/wp\/v2\/pages\/1502\/revisions"}],"up":[{"embeddable":true,"href":"https:\/\/partnerportal.hafele.com\/de\/wp-json\/wp\/v2\/pages\/1456"}],"wp:attachment":[{"href":"https:\/\/partnerportal.hafele.com\/de\/wp-json\/wp\/v2\/media?parent=1502"}],"curies":[{"name":"wp","href":"https:\/\/api.w.org\/{rel}","templated":true}]}}