{"id":1449,"date":"2021-03-26T11:32:33","date_gmt":"2021-03-26T11:32:33","guid":{"rendered":"https:\/\/partnerportal.hafele.com\/ueber-haefele\/das-team\/"},"modified":"2026-01-07T13:32:58","modified_gmt":"2026-01-07T12:32:58","slug":"das-team","status":"publish","type":"page","link":"https:\/\/partnerportal.hafele.com\/de\/ueber-haefele\/das-team\/","title":{"rendered":"Das Team"},"content":{"rendered":"\n<h1 class=\"wp-block-heading\">Das H\u00e4fele Partner Shop Team<\/h1>\n\n\n\n<p>D\u00fcrfen wir vorstellen: Das H\u00e4fele Partner Shop Team.<\/p>\n\n\n\n<p>Die Abteilung Trade Partner Management Worldwide hat ihren Sitz in Nagold, Hauptsitz der H\u00e4fele-Gruppe. Das Team hat zusammen fast 100 Jahre Erfahrung mit H\u00e4fele und ist f\u00fcr Sie da, um Sie bei allem, was Sie brauchen, zu unterst\u00fctzen und zu helfen. Als exklusiver H\u00e4fele Partner Shop haben Sie pers\u00f6nlichen Zugang zu Ihrem Partner Shop Berater. Besuchen Sie das Dashboard, um zu sehen, wer f\u00fcr Sie zust\u00e4ndig ist.<\/p>\n\n\n\n<hr class=\"wp-block-separator has-css-opacity\"\/>\n\n\n<div class=\"row specialist-panel\">\n    <div class=\"col-12 col-sm-3 specialist-panel-image\">\n        <img decoding=\"async\" src=\"https:\/\/partnerportal.hafele.com\/wp-content\/uploads\/2020\/12\/Schachinger_Markus_schnitt-1-932x1024.jpg\" alt=\"Markus Sch\u00e4chinger\">\n    <\/div>\n\n    <div class=\"col-12 col-sm-9 specialist-panel-details\">\n        <h2>Markus Sch\u00e4chinger<\/h2>\n\n        <h3>Leitung Trade Partner Management Worldwide <\/h3>\n\n        <p>Mail: <a href=\"mailto:markus.schaechinger@haefele.de\">markus.schaechinger@haefele.de<\/a><\/p>\n\n        <p>Phone: <a href=\"tel:+49 7452 95 640\">+49 7452 95 640<\/a><\/p>\n    <\/div>\n<\/div>\n\n\n\n<hr class=\"wp-block-separator has-css-opacity\"\/>\n\n\n<div class=\"row specialist-panel\">\n    <div class=\"col-12 col-sm-3 specialist-panel-image\">\n        <img decoding=\"async\" src=\"https:\/\/partnerportal.hafele.com\/wp-content\/uploads\/2020\/12\/Lena_Van_de_Vijver-3000x2000px-e1628508351438.jpg\" alt=\"Lena Van de Vijver\">\n    <\/div>\n\n    <div class=\"col-12 col-sm-9 specialist-panel-details\">\n        <h2>Lena Van de Vijver<\/h2>\n\n        <h3>Partner Management, Controlling<\/h3>\n\n        <p>Mail: <a href=\"mailto:lena.vandevijver@haefele.de\">lena.vandevijver@haefele.de<\/a><\/p>\n\n        <p>Phone: <a href=\"tel:+49 7452 95 684\">+49 7452 95 684<\/a><\/p>\n    <\/div>\n<\/div>\n\n\n\n<hr class=\"wp-block-separator has-css-opacity\"\/>\n\n\n<div class=\"row specialist-panel\">\n    <div class=\"col-12 col-sm-3 specialist-panel-image\">\n        <img decoding=\"async\" src=\"https:\/\/partnerportal.hafele.com\/wp-content\/uploads\/2020\/12\/Keck_Birgit_schnitt-881x1024.jpg\" alt=\"Birgit Keck\">\n    <\/div>\n\n    <div class=\"col-12 col-sm-9 specialist-panel-details\">\n        <h2>Birgit Keck<\/h2>\n\n        <h3>Point-Of-Sales Display und Smartbox<\/h3>\n\n        <p>Mail: <a href=\"mailto:birgit.keck@haefele.de\">birgit.keck@haefele.de<\/a><\/p>\n\n        <p>Phone: <a href=\"tel:+49 7452 95 637\">+49 7452 95 637<\/a><\/p>\n    <\/div>\n<\/div>\n\n\n\n<hr class=\"wp-block-separator has-css-opacity\"\/>\n\n\n<div class=\"row specialist-panel\">\n    <div class=\"col-12 col-sm-3 specialist-panel-image\">\n        <img decoding=\"async\" src=\"https:\/\/partnerportal.hafele.com\/wp-content\/uploads\/2023\/11\/Marion_Bauer_-881x1024.jpg\" alt=\"Marion Bauer\">\n    <\/div>\n\n    <div class=\"col-12 col-sm-9 specialist-panel-details\">\n        <h2>Marion Bauer<\/h2>\n\n        <h3>Partner Management, Digital Services<\/h3>\n\n        <p>Mail: <a href=\"mailto:marion.bauer@haefele.de\">marion.bauer@haefele.de<\/a><\/p>\n\n        <p>Phone: <a href=\"tel:+497452 95 891\">+497452 95 891<\/a><\/p>\n    <\/div>\n<\/div>\n\n\n\n<hr class=\"wp-block-separator has-alpha-channel-opacity\"\/>\n\n\n<div class=\"row specialist-panel\">\n    <div class=\"col-12 col-sm-3 specialist-panel-image\">\n        <img decoding=\"async\" src=\"https:\/\/partnerportal.hafele.com\/wp-content\/uploads\/2026\/01\/Held_Paul_PFP-1-1024x1024.jpg\" alt=\"Paul Held\">\n    <\/div>\n\n    <div class=\"col-12 col-sm-9 specialist-panel-details\">\n        <h2>Paul Held<\/h2>\n\n        <h3>Partner Management, Digital Services<\/h3>\n\n        <p>Mail: <a href=\"mailto:paul.held@haefele.de\">paul.held@haefele.de<\/a><\/p>\n\n        <p>Phone: <a href=\"tel:+49 7452 95 891\">+49 7452 95 891<\/a><\/p>\n    <\/div>\n<\/div>\n","protected":false},"excerpt":{"rendered":"<p>Das H\u00e4fele Partner Shop Team D\u00fcrfen wir vorstellen: Das H\u00e4fele Partner Shop Team. Die Abteilung Trade Partner Management Worldwide hat ihren Sitz in Nagold, Hauptsitz der H\u00e4fele-Gruppe. Das Team hat zusammen fast 100 Jahre Erfahrung mit H\u00e4fele und ist f\u00fcr Sie da, um Sie bei allem, was Sie brauchen, zu unterst\u00fctzen und zu helfen. Als [&hellip;]<\/p>\n","protected":false},"author":93,"featured_media":0,"parent":274,"menu_order":0,"comment_status":"closed","ping_status":"closed","template":"page-sidebar.php","meta":{"_acf_changed":true,"footnotes":""},"class_list":["post-1449","page","type-page","status-publish","hentry"],"acf":[],"_links":{"self":[{"href":"https:\/\/partnerportal.hafele.com\/de\/wp-json\/wp\/v2\/pages\/1449","targetHints":{"allow":["GET"]}}],"collection":[{"href":"https:\/\/partnerportal.hafele.com\/de\/wp-json\/wp\/v2\/pages"}],"about":[{"href":"https:\/\/partnerportal.hafele.com\/de\/wp-json\/wp\/v2\/types\/page"}],"author":[{"embeddable":true,"href":"https:\/\/partnerportal.hafele.com\/de\/wp-json\/wp\/v2\/users\/93"}],"replies":[{"embeddable":true,"href":"https:\/\/partnerportal.hafele.com\/de\/wp-json\/wp\/v2\/comments?post=1449"}],"version-history":[{"count":0,"href":"https:\/\/partnerportal.hafele.com\/de\/wp-json\/wp\/v2\/pages\/1449\/revisions"}],"up":[{"embeddable":true,"href":"https:\/\/partnerportal.hafele.com\/de\/wp-json\/wp\/v2\/pages\/274"}],"wp:attachment":[{"href":"https:\/\/partnerportal.hafele.com\/de\/wp-json\/wp\/v2\/media?parent=1449"}],"curies":[{"name":"wp","href":"https:\/\/api.w.org\/{rel}","templated":true}]}}